{"id":1561,"date":"2024-03-12T12:14:03","date_gmt":"2024-03-12T11:14:03","guid":{"rendered":"https:\/\/new.alza-wine.com\/impressum\/"},"modified":"2024-04-15T15:05:56","modified_gmt":"2024-04-15T14:05:56","slug":"mentions-legales","status":"publish","type":"page","link":"https:\/\/www.alza-wine.com\/fr\/mentions-legales\/","title":{"rendered":"Mentions l\u00e9gales"},"content":{"rendered":"<section class=\"l-section wpb_row height_medium full_height valign_center color_footer-top\"><div class=\"l-section-h i-cf\"><div class=\"g-cols vc_row via_flex valign_top type_default stacking_default\"><div class=\"vc_col-sm-12 wpb_column vc_column_container\"><div class=\"vc_column-inner\"><div class=\"wpb_wrapper\"><h1 class=\"w-text\"><span class=\"w-text-h\"><span class=\"w-text-value\">Mentions l\u00e9gales<\/span><\/span><\/h1><div class=\"w-html\"><div class=\"legalnotice\">\r\n<p>\n    <strong>Informations g\u00e9n\u00e9rales<\/strong><br>\n    Le site <a href=\"https:\/\/www.alza-wine.com\/fr\/\" target=\"_blank\">www.alza-wine.com<\/a> est la propri\u00e9t\u00e9 de la soci\u00e9t\u00e9 Europa-Park Distribution SAS dont les coordonn\u00e9es sont les suivantes :\n<\/p>\n<p>\n    <strong>Europa-Park Distribution SAS<\/strong><br>\n    All\u00e9e de l'amiti\u00e9 franco-allemande<br>\n    Ollwiller<br>\n    68500 Wuenheim<br>\n    France\n<\/p>\n<p>\n    Adresse e-mail : <a href=\"mailto:info@alza-wine.com\">info@alza-wine.com<\/a><br>\n    T\u00e9l\u00e9phone : <a href=\"tel:+4978227711102\">+49 78 22 77 11 10 2<\/a><br>\n    Site internet : <a href=\"https:\/\/www.alza-wine.com\/fr\/\" target=\"_blank\">www.alza-wine.com<\/a>\n<\/p>\n<p>\n    Immatriculation : RCS Colmar B831 958 053<br>\n    Num\u00e9ro SIREN : 831 958 053<br>\n    Num\u00e9ro SIRET (si\u00e8ge) : 831 958 053 00017<br>\n    Num\u00e9ro de TVA intracommunautaire : FR54831958053<br>\n    Repr\u00e9sentant l\u00e9gal : Dipl.-H\u00f4telier HF\/SHL Thomas Mack\n<\/p>\n<p>\n    Capital social : 9.000 \u20ac\n<\/p>\n<p>\n    Directeur de la publication<br>\n    Thomas Mack\n<\/p>\n<p>\n    H\u00e9bergement du site:<br>\n    Anexia Holding GmbH<br>\n    Hauptsitz Klagenfurt<br>\n    Feldkirchner Stra\u00dfe 140<br>\n    9020 Klagenfurt<br>\n    \u00d6sterreich<br>\n    Telefon: <a href=\"tel:004350556\">+43-50-556<\/a>\n<\/p>\n<p>\n    Plateforme europ\u00e9enne de r\u00e8glement des litiges:<br>\n    La Commission europ\u00e9enne met \u00e0 disposition une plateforme de r\u00e8glement des litiges en ligne (ODR) : <a href=\"https:\/\/ec.europa.eu\/consumers\/odr\/\" target=\"_blank\">https:\/\/ec.europa.eu\/consumers\/odr\/<\/a><br>\n<\/p>\r\n<\/div>\r\n<style>div.legalnotice p,div.legalnotice ul {margin-bottom: 1em;}div.legalnotice h2 {margin-top: 2em;}div.legalnotice h3 {margin-top: 2em;margin-bottom: .5em;}div.legalnotice h2 + h3 {margin-top: 1em;}<\/style><\/div><\/div><\/div><\/div><\/div><\/div><\/section>\n","protected":false},"excerpt":{"rendered":"Mentions l\u00e9gales Informations g\u00e9n\u00e9rales Le site www.alza-wine.com est la propri\u00e9t\u00e9 de la soci\u00e9t\u00e9 Europa-Park Distribution SAS dont les coordonn\u00e9es sont les suivantes : Europa-Park Distribution SAS All\u00e9e de l'amiti\u00e9 franco-allemande Ollwiller 68500 Wuenheim France Adresse e-mail : info@alza-wine.com T\u00e9l\u00e9phone : +49 78 22 77 11 10 2 Site internet : www.alza-wine.com Immatriculation : RCS Colmar...","protected":false},"author":1,"featured_media":0,"parent":0,"menu_order":0,"comment_status":"closed","ping_status":"closed","template":"","meta":{"_acf_changed":false,"footnotes":""},"seitenart":[],"class_list":["post-1561","page","type-page","status-publish","hentry"],"acf":[],"yoast_head":"<!-- This site is optimized with the Yoast SEO plugin v27.3 - https:\/\/yoast.com\/product\/yoast-seo-wordpress\/ -->\n<title>Mentions l\u00e9gales - ALZA Le Vin<\/title>\n<meta name=\"robots\" content=\"index, follow, max-snippet:-1, max-image-preview:large, max-video-preview:-1\" \/>\n<link rel=\"canonical\" href=\"https:\/\/www.alza-wine.com\/fr\/mentions-legales\/\" \/>\n<meta property=\"og:locale\" content=\"fr_FR\" \/>\n<meta property=\"og:type\" content=\"article\" \/>\n<meta property=\"og:title\" content=\"Mentions l\u00e9gales - ALZA Le Vin\" \/>\n<meta property=\"og:url\" content=\"https:\/\/www.alza-wine.com\/fr\/mentions-legales\/\" \/>\n<meta property=\"og:site_name\" content=\"ALZA Le Vin\" \/>\n<meta property=\"article:modified_time\" content=\"2024-04-15T14:05:56+00:00\" \/>\n<meta property=\"og:image\" content=\"https:\/\/www.alza-wine.com\/wp-content\/uploads\/2024\/04\/Alza_Assets_Rose_1600x900.jpg\" \/>\n\t<meta property=\"og:image:width\" content=\"1600\" \/>\n\t<meta property=\"og:image:height\" content=\"900\" \/>\n\t<meta property=\"og:image:type\" content=\"image\/jpeg\" \/>\n<meta name=\"twitter:card\" content=\"summary_large_image\" \/>\n<meta name=\"twitter:label1\" content=\"Dur\u00e9e de lecture estim\u00e9e\" \/>\n\t<meta name=\"twitter:data1\" content=\"1 minute\" \/>\n<script type=\"application\/ld+json\" class=\"yoast-schema-graph\">{\"@context\":\"https:\\\/\\\/schema.org\",\"@graph\":[{\"@type\":\"WebPage\",\"@id\":\"https:\\\/\\\/www.alza-wine.com\\\/fr\\\/mentions-legales\\\/\",\"url\":\"https:\\\/\\\/www.alza-wine.com\\\/fr\\\/mentions-legales\\\/\",\"name\":\"Mentions l\u00e9gales - ALZA Le Vin\",\"isPartOf\":{\"@id\":\"https:\\\/\\\/www.alza-wine.com\\\/fr\\\/#website\"},\"datePublished\":\"2024-03-12T11:14:03+00:00\",\"dateModified\":\"2024-04-15T14:05:56+00:00\",\"breadcrumb\":{\"@id\":\"https:\\\/\\\/www.alza-wine.com\\\/fr\\\/mentions-legales\\\/#breadcrumb\"},\"inLanguage\":\"fr-FR\",\"potentialAction\":[{\"@type\":\"ReadAction\",\"target\":[\"https:\\\/\\\/www.alza-wine.com\\\/fr\\\/mentions-legales\\\/\"]}]},{\"@type\":\"BreadcrumbList\",\"@id\":\"https:\\\/\\\/www.alza-wine.com\\\/fr\\\/mentions-legales\\\/#breadcrumb\",\"itemListElement\":[{\"@type\":\"ListItem\",\"position\":1,\"name\":\"Startseite\",\"item\":\"https:\\\/\\\/www.alza-wine.com\\\/fr\\\/\"},{\"@type\":\"ListItem\",\"position\":2,\"name\":\"Mentions l\u00e9gales\"}]},{\"@type\":\"WebSite\",\"@id\":\"https:\\\/\\\/www.alza-wine.com\\\/fr\\\/#website\",\"url\":\"https:\\\/\\\/www.alza-wine.com\\\/fr\\\/\",\"name\":\"ALZA Le Vin\",\"description\":\"\",\"potentialAction\":[{\"@type\":\"SearchAction\",\"target\":{\"@type\":\"EntryPoint\",\"urlTemplate\":\"https:\\\/\\\/www.alza-wine.com\\\/fr\\\/?s={search_term_string}\"},\"query-input\":{\"@type\":\"PropertyValueSpecification\",\"valueRequired\":true,\"valueName\":\"search_term_string\"}}],\"inLanguage\":\"fr-FR\"}]}<\/script>\n<!-- \/ Yoast SEO plugin. -->","yoast_head_json":{"title":"Mentions l\u00e9gales - ALZA Le Vin","robots":{"index":"index","follow":"follow","max-snippet":"max-snippet:-1","max-image-preview":"max-image-preview:large","max-video-preview":"max-video-preview:-1"},"canonical":"https:\/\/www.alza-wine.com\/fr\/mentions-legales\/","og_locale":"fr_FR","og_type":"article","og_title":"Mentions l\u00e9gales - ALZA Le Vin","og_url":"https:\/\/www.alza-wine.com\/fr\/mentions-legales\/","og_site_name":"ALZA Le Vin","article_modified_time":"2024-04-15T14:05:56+00:00","og_image":[{"width":1600,"height":900,"url":"https:\/\/www.alza-wine.com\/wp-content\/uploads\/2024\/04\/Alza_Assets_Rose_1600x900.jpg","type":"image\/jpeg"}],"twitter_card":"summary_large_image","twitter_misc":{"Dur\u00e9e de lecture estim\u00e9e":"1 minute"},"schema":{"@context":"https:\/\/schema.org","@graph":[{"@type":"WebPage","@id":"https:\/\/www.alza-wine.com\/fr\/mentions-legales\/","url":"https:\/\/www.alza-wine.com\/fr\/mentions-legales\/","name":"Mentions l\u00e9gales - ALZA Le Vin","isPartOf":{"@id":"https:\/\/www.alza-wine.com\/fr\/#website"},"datePublished":"2024-03-12T11:14:03+00:00","dateModified":"2024-04-15T14:05:56+00:00","breadcrumb":{"@id":"https:\/\/www.alza-wine.com\/fr\/mentions-legales\/#breadcrumb"},"inLanguage":"fr-FR","potentialAction":[{"@type":"ReadAction","target":["https:\/\/www.alza-wine.com\/fr\/mentions-legales\/"]}]},{"@type":"BreadcrumbList","@id":"https:\/\/www.alza-wine.com\/fr\/mentions-legales\/#breadcrumb","itemListElement":[{"@type":"ListItem","position":1,"name":"Startseite","item":"https:\/\/www.alza-wine.com\/fr\/"},{"@type":"ListItem","position":2,"name":"Mentions l\u00e9gales"}]},{"@type":"WebSite","@id":"https:\/\/www.alza-wine.com\/fr\/#website","url":"https:\/\/www.alza-wine.com\/fr\/","name":"ALZA Le Vin","description":"","potentialAction":[{"@type":"SearchAction","target":{"@type":"EntryPoint","urlTemplate":"https:\/\/www.alza-wine.com\/fr\/?s={search_term_string}"},"query-input":{"@type":"PropertyValueSpecification","valueRequired":true,"valueName":"search_term_string"}}],"inLanguage":"fr-FR"}]}},"_links":{"self":[{"href":"https:\/\/www.alza-wine.com\/fr\/wp-json\/wp\/v2\/pages\/1561","targetHints":{"allow":["GET"]}}],"collection":[{"href":"https:\/\/www.alza-wine.com\/fr\/wp-json\/wp\/v2\/pages"}],"about":[{"href":"https:\/\/www.alza-wine.com\/fr\/wp-json\/wp\/v2\/types\/page"}],"author":[{"embeddable":true,"href":"https:\/\/www.alza-wine.com\/fr\/wp-json\/wp\/v2\/users\/1"}],"replies":[{"embeddable":true,"href":"https:\/\/www.alza-wine.com\/fr\/wp-json\/wp\/v2\/comments?post=1561"}],"version-history":[{"count":3,"href":"https:\/\/www.alza-wine.com\/fr\/wp-json\/wp\/v2\/pages\/1561\/revisions"}],"predecessor-version":[{"id":1710,"href":"https:\/\/www.alza-wine.com\/fr\/wp-json\/wp\/v2\/pages\/1561\/revisions\/1710"}],"wp:attachment":[{"href":"https:\/\/www.alza-wine.com\/fr\/wp-json\/wp\/v2\/media?parent=1561"}],"wp:term":[{"taxonomy":"seitenart","embeddable":true,"href":"https:\/\/www.alza-wine.com\/fr\/wp-json\/wp\/v2\/seitenart?post=1561"}],"curies":[{"name":"wp","href":"https:\/\/api.w.org\/{rel}","templated":true}]}}