{"id":1555,"date":"2024-03-22T14:13:43","date_gmt":"2024-03-22T13:13:43","guid":{"rendered":"https:\/\/new.alza-wine.com\/erlebe-alza\/"},"modified":"2024-04-15T14:56:44","modified_gmt":"2024-04-15T13:56:44","slug":"decouvrir-alza","status":"publish","type":"page","link":"https:\/\/www.alza-wine.com\/fr\/decouvrir-alza\/","title":{"rendered":"D\u00e9couvrir Alza"},"content":{"rendered":"<section class=\"l-section wpb_row height_auto with_img\"><div class=\"l-section-img\" role=\"img\" aria-label=\"Image\" data-img-width=\"1920\" data-img-height=\"1277\" style=\"background-image: url(https:\/\/www.alza-wine.com\/wp-content\/uploads\/2024\/04\/ALZA_Le_Rose_06.jpg);\"><\/div><div class=\"l-section-overlay\" style=\"background:linear-gradient(0deg,rgba(0,0,0,0.30),rgba(0,0,0,0.00))\"><\/div><div class=\"l-section-h i-cf\"><div class=\"g-cols vc_row via_flex valign_bottom type_default stacking_default\"><div class=\"vc_col-sm-12 wpb_column vc_column_container\"><div class=\"vc_column-inner us_custom_945c9877\"><div class=\"wpb_wrapper\"><h1 class=\"w-post-elm post_title us_custom_cc369ddb has_text_color align_center entry-title color_link_inherit\">D\u00e9couvrir Alza<\/h1><div class=\"w-hwrapper valign_top align_center\"><div class=\"w-vwrapper us_custom_c68e91eb align_none valign_top\"><div class=\"w-image us_custom_0c764d6b has_height align_none\"><div class=\"w-image-h\"><img decoding=\"async\" src=\"https:\/\/www.alza-wine.com\/wp-content\/uploads\/2024\/03\/Alza_L_Supersign_Web_dark.svg\" class=\"attachment-full size-full\" alt=\"\" loading=\"lazy\" \/><\/div><\/div><\/div><\/div><\/div><\/div><\/div><\/div><\/div><\/section><section class=\"l-section wpb_row height_large color_footer-top\"><div class=\"l-section-overlay\" style=\"background:var(--color-chrome-toolbar)\"><\/div><div class=\"l-section-h i-cf\"><div class=\"g-cols vc_row via_flex valign_top type_default stacking_default\"><div class=\"vc_col-sm-12 wpb_column vc_column_container\"><div class=\"vc_column-inner\"><div class=\"wpb_wrapper\"><div class=\"wpb_text_column us_custom_eb849559\"><div class=\"wpb_wrapper\"><h4 style=\"text-align: left;\">Vous avez envie de d\u00e9guster ALZA Le Vin ?<\/h4>\n<p style=\"text-align: left;\"><span data-sheets-root=\"1\" data-sheets-value=\"{&quot;1&quot;:2,&quot;2&quot;:&quot;Alors venez aux \u00e9v\u00e9nements suivants !&quot;}\" data-sheets-userformat=\"{&quot;2&quot;:15357,&quot;3&quot;:{&quot;1&quot;:0},&quot;5&quot;:{&quot;1&quot;:&#091;{&quot;1&quot;:2,&quot;2&quot;:0,&quot;5&quot;:{&quot;1&quot;:2,&quot;2&quot;:14277081}},{&quot;1&quot;:0,&quot;2&quot;:0,&quot;3&quot;:3},{&quot;1&quot;:1,&quot;2&quot;:0,&quot;4&quot;:1}&#093;},&quot;6&quot;:{&quot;1&quot;:&#091;{&quot;1&quot;:2,&quot;2&quot;:0,&quot;5&quot;:{&quot;1&quot;:2,&quot;2&quot;:14277081}},{&quot;1&quot;:0,&quot;2&quot;:0,&quot;3&quot;:3},{&quot;1&quot;:1,&quot;2&quot;:0,&quot;4&quot;:1}&#093;},&quot;7&quot;:{&quot;1&quot;:&#091;{&quot;1&quot;:2,&quot;2&quot;:0,&quot;5&quot;:{&quot;1&quot;:2,&quot;2&quot;:14277081}},{&quot;1&quot;:0,&quot;2&quot;:0,&quot;3&quot;:3},{&quot;1&quot;:1,&quot;2&quot;:0,&quot;4&quot;:1}&#093;},&quot;8&quot;:{&quot;1&quot;:&#091;{&quot;1&quot;:2,&quot;2&quot;:0,&quot;5&quot;:{&quot;1&quot;:2,&quot;2&quot;:14277081}},{&quot;1&quot;:0,&quot;2&quot;:0,&quot;3&quot;:3},{&quot;1&quot;:1,&quot;2&quot;:0,&quot;4&quot;:1}&#093;},&quot;9&quot;:0,&quot;10&quot;:1,&quot;11&quot;:4,&quot;12&quot;:0,&quot;14&quot;:{&quot;1&quot;:2,&quot;2&quot;:0},&quot;15&quot;:&quot;Roboto&quot;,&quot;16&quot;:10}\">Alors venez aux \u00e9v\u00e9nements suivants !<\/span><\/p>\n<\/div><\/div><div class=\"w-separator size_medium\"><\/div><div class=\"w-grid us_grid type_grid layout_344 no_results cols_3 overflow_hidden preload_style_spinner with_css_animation\" id=\"us_grid_1\" style=\"--columns:3;--gap:1.5rem;\" data-filterable=\"true\"><style>@media (max-width:1380px){#us_grid_1{--columns:2!important}}@media (max-width:1024px){#us_grid_1{--columns:2!important}}@media (max-width:813px){#us_grid_1{--columns:1!important}}.layout_344 .w-grid-item-h{background:#ffffff;color:var(--color-content-text)}.layout_344 .usg_post_image_1{margin-bottom:-1rem!important}.layout_344 .usg_vwrapper_1{padding:2.5rem!important}.layout_344 .usg_post_title_1{font-weight:500!important;margin-top:2.5rem!important;margin-bottom:0px!important}.layout_344 .usg_post_content_1{margin-top:1rem!important}.layout_344 .usg_html_1{margin:2rem auto 1rem auto!important}.layout_344 .usg_html_2{margin-top:2rem!important}.layout_344 .usg_html_3{position:absolute!important;left:0!important;top:0!important;bottom:-30px!important;right:0!important;background:linear-gradient(180deg,rgba(0,0,0,0.00),rgba(0,0,0,0.40))!important}.layout_344 .usg_vwrapper_4{margin-left:auto!important;margin-right:auto!important;border-radius:1000px!important;position:absolute!important;left:calc(50% - 60px + 0.5rem)!important;bottom:calc(-60px - 0.5rem)!important;right:auto!important;padding:.5rem!important;background:#ffffff!important}.layout_344 .usg_image_2{width:80px!important;height:80px!important}<\/style><div class=\"w-grid-list\"><\/div>\t<div class=\"w-grid-preloader\">\r\n\t\t<div class=\"g-preloader type_custom\">\r\n\t\t\t<div><img loading=\"lazy\" decoding=\"async\" width=\"300\" height=\"300\" src=\"https:\/\/www.alza-wine.com\/wp-content\/uploads\/2024\/03\/Alza_L_Supersign_Web_dark.svg\" class=\"attachment-medium size-medium\" alt=\"\" \/><\/div>\r\n\t\t<\/div>\r\n\t<\/div>\r\n\t\t<div class=\"w-grid-json hidden\" onclick='return {&quot;action&quot;:&quot;us_ajax_grid&quot;,&quot;infinite_scroll&quot;:0,&quot;max_num_pages&quot;:0,&quot;pagination&quot;:&quot;none&quot;,&quot;template_vars&quot;:{&quot;columns&quot;:&quot;3&quot;,&quot;exclude_items&quot;:&quot;none&quot;,&quot;img_size&quot;:&quot;default&quot;,&quot;ignore_items_size&quot;:0,&quot;items_layout&quot;:&quot;344&quot;,&quot;items_offset&quot;:&quot;1&quot;,&quot;load_animation&quot;:&quot;afb&quot;,&quot;overriding_link&quot;:&quot;%7B%22url%22%3A%22%22%7D&quot;,&quot;post_id&quot;:0,&quot;query_args&quot;:{&quot;post_type&quot;:[&quot;event&quot;],&quot;post_status&quot;:[&quot;publish&quot;,&quot;acf-disabled&quot;],&quot;posts_per_page&quot;:&quot;50&quot;},&quot;orderby_query_args&quot;:{&quot;orderby&quot;:&quot;custom_field&quot;,&quot;meta_key&quot;:&quot;startdatum&quot;,&quot;order&quot;:&quot;ASC&quot;},&quot;type&quot;:&quot;grid&quot;,&quot;us_grid_post_type&quot;:&quot;event&quot;,&quot;us_grid_ajax_index&quot;:1,&quot;us_grid_filter_query_string&quot;:null,&quot;us_grid_index&quot;:1,&quot;page_args&quot;:[],&quot;lang&quot;:&quot;fr&quot;}}'><\/div>\r\n\t<\/div><div class=\"w-grid-none type_message\">Aucun \u00e9v\u00e9nement ALZA n\u2019est pr\u00e9vu pour l\u2019instant. Revenez faire un tour ici plus tard.<\/div><div class=\"w-separator size_medium\"><\/div><\/div><\/div><\/div><\/div><\/div><\/section>\n","protected":false},"excerpt":{"rendered":"D\u00e9couvrir AlzaVous avez envie de d\u00e9guster ALZA Le Vin ? Alors venez aux \u00e9v\u00e9nements suivants ! Aucun \u00e9v\u00e9nement ALZA n\u2019est pr\u00e9vu pour l\u2019instant. Revenez faire un tour ici plus tard.","protected":false},"author":1,"featured_media":1453,"parent":0,"menu_order":0,"comment_status":"closed","ping_status":"closed","template":"","meta":{"_acf_changed":false,"footnotes":""},"seitenart":[],"class_list":["post-1555","page","type-page","status-publish","has-post-thumbnail","hentry"],"acf":[],"yoast_head":"<!-- This site is optimized with the Yoast SEO plugin v27.3 - https:\/\/yoast.com\/product\/yoast-seo-wordpress\/ -->\n<title>D\u00e9couvrez et go\u00fbtez ALZA Le Vin !<\/title>\n<meta name=\"description\" content=\"ALZA est pr\u00e9sent sur divers \u00e9v\u00e9nements en tant que partenaire ! Venez d\u00e9guster les notes fruit\u00e9es d\u2019ALZA Le Ros\u00e9 ou la brise de fra\u00eecheur d\u2019ALZA Le Blanc !\" \/>\n<meta name=\"robots\" content=\"index, follow, max-snippet:-1, max-image-preview:large, max-video-preview:-1\" \/>\n<link rel=\"canonical\" href=\"https:\/\/www.alza-wine.com\/fr\/decouvrir-alza\/\" \/>\n<meta property=\"og:locale\" content=\"fr_FR\" \/>\n<meta property=\"og:type\" content=\"article\" \/>\n<meta property=\"og:title\" content=\"D\u00e9couvrez et go\u00fbtez ALZA Le Vin !\" \/>\n<meta property=\"og:description\" content=\"ALZA est pr\u00e9sent sur divers \u00e9v\u00e9nements en tant que partenaire ! Venez d\u00e9guster les notes fruit\u00e9es d\u2019ALZA Le Ros\u00e9 ou la brise de fra\u00eecheur d\u2019ALZA Le Blanc !\" \/>\n<meta property=\"og:url\" content=\"https:\/\/www.alza-wine.com\/fr\/decouvrir-alza\/\" \/>\n<meta property=\"og:site_name\" content=\"ALZA Le Vin\" \/>\n<meta property=\"article:modified_time\" content=\"2024-04-15T13:56:44+00:00\" \/>\n<meta property=\"og:image\" content=\"https:\/\/www.alza-wine.com\/wp-content\/uploads\/2024\/04\/Alza_Assets_Meet_Events_1200x630.jpg\" \/>\n\t<meta property=\"og:image:width\" content=\"1200\" \/>\n\t<meta property=\"og:image:height\" content=\"630\" \/>\n\t<meta property=\"og:image:type\" content=\"image\/jpeg\" \/>\n<meta name=\"twitter:card\" content=\"summary_large_image\" \/>\n<meta name=\"twitter:title\" content=\"D\u00e9couvrez et go\u00fbtez ALZA Le Vin !\" \/>\n<meta name=\"twitter:description\" content=\"ALZA est pr\u00e9sent sur divers \u00e9v\u00e9nements en tant que partenaire ! Venez d\u00e9guster les notes fruit\u00e9es d\u2019ALZA Le Ros\u00e9 ou la brise de fra\u00eecheur d\u2019ALZA Le Blanc !\" \/>\n<meta name=\"twitter:image\" content=\"https:\/\/www.alza-wine.com\/wp-content\/uploads\/2024\/04\/Alza_Assets_Meet_Events1600x900.jpg\" \/>\n<meta name=\"twitter:label1\" content=\"Dur\u00e9e de lecture estim\u00e9e\" \/>\n\t<meta name=\"twitter:data1\" content=\"1 minute\" \/>\n<script type=\"application\/ld+json\" class=\"yoast-schema-graph\">{\"@context\":\"https:\\\/\\\/schema.org\",\"@graph\":[{\"@type\":\"WebPage\",\"@id\":\"https:\\\/\\\/www.alza-wine.com\\\/fr\\\/decouvrir-alza\\\/\",\"url\":\"https:\\\/\\\/www.alza-wine.com\\\/fr\\\/decouvrir-alza\\\/\",\"name\":\"D\u00e9couvrez et go\u00fbtez ALZA Le Vin !\",\"isPartOf\":{\"@id\":\"https:\\\/\\\/www.alza-wine.com\\\/fr\\\/#website\"},\"primaryImageOfPage\":{\"@id\":\"https:\\\/\\\/www.alza-wine.com\\\/fr\\\/decouvrir-alza\\\/#primaryimage\"},\"image\":{\"@id\":\"https:\\\/\\\/www.alza-wine.com\\\/fr\\\/decouvrir-alza\\\/#primaryimage\"},\"thumbnailUrl\":\"https:\\\/\\\/www.alza-wine.com\\\/wp-content\\\/uploads\\\/2024\\\/04\\\/ALZA_Le_Rose_06.jpg\",\"datePublished\":\"2024-03-22T13:13:43+00:00\",\"dateModified\":\"2024-04-15T13:56:44+00:00\",\"description\":\"ALZA est pr\u00e9sent sur divers \u00e9v\u00e9nements en tant que partenaire ! Venez d\u00e9guster les notes fruit\u00e9es d\u2019ALZA Le Ros\u00e9 ou la brise de fra\u00eecheur d\u2019ALZA Le Blanc !\",\"breadcrumb\":{\"@id\":\"https:\\\/\\\/www.alza-wine.com\\\/fr\\\/decouvrir-alza\\\/#breadcrumb\"},\"inLanguage\":\"fr-FR\",\"potentialAction\":[{\"@type\":\"ReadAction\",\"target\":[\"https:\\\/\\\/www.alza-wine.com\\\/fr\\\/decouvrir-alza\\\/\"]}]},{\"@type\":\"ImageObject\",\"inLanguage\":\"fr-FR\",\"@id\":\"https:\\\/\\\/www.alza-wine.com\\\/fr\\\/decouvrir-alza\\\/#primaryimage\",\"url\":\"https:\\\/\\\/www.alza-wine.com\\\/wp-content\\\/uploads\\\/2024\\\/04\\\/ALZA_Le_Rose_06.jpg\",\"contentUrl\":\"https:\\\/\\\/www.alza-wine.com\\\/wp-content\\\/uploads\\\/2024\\\/04\\\/ALZA_Le_Rose_06.jpg\",\"width\":1920,\"height\":1277},{\"@type\":\"BreadcrumbList\",\"@id\":\"https:\\\/\\\/www.alza-wine.com\\\/fr\\\/decouvrir-alza\\\/#breadcrumb\",\"itemListElement\":[{\"@type\":\"ListItem\",\"position\":1,\"name\":\"Startseite\",\"item\":\"https:\\\/\\\/www.alza-wine.com\\\/fr\\\/\"},{\"@type\":\"ListItem\",\"position\":2,\"name\":\"D\u00e9couvrir Alza\"}]},{\"@type\":\"WebSite\",\"@id\":\"https:\\\/\\\/www.alza-wine.com\\\/fr\\\/#website\",\"url\":\"https:\\\/\\\/www.alza-wine.com\\\/fr\\\/\",\"name\":\"ALZA Le Vin\",\"description\":\"\",\"potentialAction\":[{\"@type\":\"SearchAction\",\"target\":{\"@type\":\"EntryPoint\",\"urlTemplate\":\"https:\\\/\\\/www.alza-wine.com\\\/fr\\\/?s={search_term_string}\"},\"query-input\":{\"@type\":\"PropertyValueSpecification\",\"valueRequired\":true,\"valueName\":\"search_term_string\"}}],\"inLanguage\":\"fr-FR\"}]}<\/script>\n<!-- \/ Yoast SEO plugin. -->","yoast_head_json":{"title":"D\u00e9couvrez et go\u00fbtez ALZA Le Vin !","description":"ALZA est pr\u00e9sent sur divers \u00e9v\u00e9nements en tant que partenaire ! Venez d\u00e9guster les notes fruit\u00e9es d\u2019ALZA Le Ros\u00e9 ou la brise de fra\u00eecheur d\u2019ALZA Le Blanc !","robots":{"index":"index","follow":"follow","max-snippet":"max-snippet:-1","max-image-preview":"max-image-preview:large","max-video-preview":"max-video-preview:-1"},"canonical":"https:\/\/www.alza-wine.com\/fr\/decouvrir-alza\/","og_locale":"fr_FR","og_type":"article","og_title":"D\u00e9couvrez et go\u00fbtez ALZA Le Vin !","og_description":"ALZA est pr\u00e9sent sur divers \u00e9v\u00e9nements en tant que partenaire ! Venez d\u00e9guster les notes fruit\u00e9es d\u2019ALZA Le Ros\u00e9 ou la brise de fra\u00eecheur d\u2019ALZA Le Blanc !","og_url":"https:\/\/www.alza-wine.com\/fr\/decouvrir-alza\/","og_site_name":"ALZA Le Vin","article_modified_time":"2024-04-15T13:56:44+00:00","og_image":[{"width":1200,"height":630,"url":"https:\/\/www.alza-wine.com\/wp-content\/uploads\/2024\/04\/Alza_Assets_Meet_Events_1200x630.jpg","type":"image\/jpeg"}],"twitter_card":"summary_large_image","twitter_title":"D\u00e9couvrez et go\u00fbtez ALZA Le Vin !","twitter_description":"ALZA est pr\u00e9sent sur divers \u00e9v\u00e9nements en tant que partenaire ! Venez d\u00e9guster les notes fruit\u00e9es d\u2019ALZA Le Ros\u00e9 ou la brise de fra\u00eecheur d\u2019ALZA Le Blanc !","twitter_image":"https:\/\/www.alza-wine.com\/wp-content\/uploads\/2024\/04\/Alza_Assets_Meet_Events1600x900.jpg","twitter_misc":{"Dur\u00e9e de lecture estim\u00e9e":"1 minute"},"schema":{"@context":"https:\/\/schema.org","@graph":[{"@type":"WebPage","@id":"https:\/\/www.alza-wine.com\/fr\/decouvrir-alza\/","url":"https:\/\/www.alza-wine.com\/fr\/decouvrir-alza\/","name":"D\u00e9couvrez et go\u00fbtez ALZA Le Vin !","isPartOf":{"@id":"https:\/\/www.alza-wine.com\/fr\/#website"},"primaryImageOfPage":{"@id":"https:\/\/www.alza-wine.com\/fr\/decouvrir-alza\/#primaryimage"},"image":{"@id":"https:\/\/www.alza-wine.com\/fr\/decouvrir-alza\/#primaryimage"},"thumbnailUrl":"https:\/\/www.alza-wine.com\/wp-content\/uploads\/2024\/04\/ALZA_Le_Rose_06.jpg","datePublished":"2024-03-22T13:13:43+00:00","dateModified":"2024-04-15T13:56:44+00:00","description":"ALZA est pr\u00e9sent sur divers \u00e9v\u00e9nements en tant que partenaire ! Venez d\u00e9guster les notes fruit\u00e9es d\u2019ALZA Le Ros\u00e9 ou la brise de fra\u00eecheur d\u2019ALZA Le Blanc !","breadcrumb":{"@id":"https:\/\/www.alza-wine.com\/fr\/decouvrir-alza\/#breadcrumb"},"inLanguage":"fr-FR","potentialAction":[{"@type":"ReadAction","target":["https:\/\/www.alza-wine.com\/fr\/decouvrir-alza\/"]}]},{"@type":"ImageObject","inLanguage":"fr-FR","@id":"https:\/\/www.alza-wine.com\/fr\/decouvrir-alza\/#primaryimage","url":"https:\/\/www.alza-wine.com\/wp-content\/uploads\/2024\/04\/ALZA_Le_Rose_06.jpg","contentUrl":"https:\/\/www.alza-wine.com\/wp-content\/uploads\/2024\/04\/ALZA_Le_Rose_06.jpg","width":1920,"height":1277},{"@type":"BreadcrumbList","@id":"https:\/\/www.alza-wine.com\/fr\/decouvrir-alza\/#breadcrumb","itemListElement":[{"@type":"ListItem","position":1,"name":"Startseite","item":"https:\/\/www.alza-wine.com\/fr\/"},{"@type":"ListItem","position":2,"name":"D\u00e9couvrir Alza"}]},{"@type":"WebSite","@id":"https:\/\/www.alza-wine.com\/fr\/#website","url":"https:\/\/www.alza-wine.com\/fr\/","name":"ALZA Le Vin","description":"","potentialAction":[{"@type":"SearchAction","target":{"@type":"EntryPoint","urlTemplate":"https:\/\/www.alza-wine.com\/fr\/?s={search_term_string}"},"query-input":{"@type":"PropertyValueSpecification","valueRequired":true,"valueName":"search_term_string"}}],"inLanguage":"fr-FR"}]}},"_links":{"self":[{"href":"https:\/\/www.alza-wine.com\/fr\/wp-json\/wp\/v2\/pages\/1555","targetHints":{"allow":["GET"]}}],"collection":[{"href":"https:\/\/www.alza-wine.com\/fr\/wp-json\/wp\/v2\/pages"}],"about":[{"href":"https:\/\/www.alza-wine.com\/fr\/wp-json\/wp\/v2\/types\/page"}],"author":[{"embeddable":true,"href":"https:\/\/www.alza-wine.com\/fr\/wp-json\/wp\/v2\/users\/1"}],"replies":[{"embeddable":true,"href":"https:\/\/www.alza-wine.com\/fr\/wp-json\/wp\/v2\/comments?post=1555"}],"version-history":[{"count":5,"href":"https:\/\/www.alza-wine.com\/fr\/wp-json\/wp\/v2\/pages\/1555\/revisions"}],"predecessor-version":[{"id":1703,"href":"https:\/\/www.alza-wine.com\/fr\/wp-json\/wp\/v2\/pages\/1555\/revisions\/1703"}],"wp:featuredmedia":[{"embeddable":true,"href":"https:\/\/www.alza-wine.com\/fr\/wp-json\/wp\/v2\/media\/1453"}],"wp:attachment":[{"href":"https:\/\/www.alza-wine.com\/fr\/wp-json\/wp\/v2\/media?parent=1555"}],"wp:term":[{"taxonomy":"seitenart","embeddable":true,"href":"https:\/\/www.alza-wine.com\/fr\/wp-json\/wp\/v2\/seitenart?post=1555"}],"curies":[{"name":"wp","href":"https:\/\/api.w.org\/{rel}","templated":true}]}}